{"id":3635,"date":"2025-02-18T23:36:22","date_gmt":"2025-02-18T23:36:22","guid":{"rendered":"https:\/\/grupodovela.com\/?page_id=3635"},"modified":"2026-01-20T21:04:52","modified_gmt":"2026-01-20T21:04:52","slug":"inicio-p-2","status":"publish","type":"page","link":"https:\/\/grupodovela.com\/","title":{"rendered":"INICIO"},"content":{"rendered":"\t\t<div data-elementor-type=\"wp-page\" data-elementor-id=\"3635\" class=\"elementor elementor-3635\">\n\t\t\t\t\t\t<section class=\"elementor-section elementor-top-section elementor-element elementor-element-f949cd1 elementor-section-height-min-height elementor-section-full_width elementor-section-stretched elementor-section-height-default elementor-section-items-middle\" data-id=\"f949cd1\" data-element_type=\"section\" data-e-type=\"section\" data-settings=\"{&quot;jet_parallax_layout_list&quot;:[],&quot;stretch_section&quot;:&quot;section-stretched&quot;}\">\n\t\t\t\t\t\t<div class=\"elementor-container elementor-column-gap-default\">\n\t\t\t\t\t<div class=\"elementor-column elementor-col-100 elementor-top-column elementor-element elementor-element-5f2672d\" data-id=\"5f2672d\" data-element_type=\"column\" data-e-type=\"column\">\n\t\t\t<div class=\"elementor-widget-wrap elementor-element-populated\">\n\t\t\t\t\t\t<div class=\"elementor-element elementor-element-0074804 elementor-widget elementor-widget-shortcode\" data-id=\"0074804\" data-element_type=\"widget\" data-e-type=\"widget\" data-widget_type=\"shortcode.default\">\n\t\t\t\t<div class=\"elementor-widget-container\">\n\t\t\t\t\t\t\t<div class=\"elementor-shortcode\"><body>\r\n\t<div class=\"slider\">\r\n\t\t<div class=\"slide\" style=\"background-image: url('https:\/\/grupodovela.com\/wp-content\/uploads\/2025\/09\/ini1.jpg');\"><\/div>\r\n\t\t<div class=\"slide\" style=\"background-image: url('https:\/\/grupodovela.com\/wp-content\/uploads\/2025\/09\/ini2.jpg');\"><\/div>\r\n\t\t<div class=\"slide\" style=\"background-image: url('https:\/\/grupodovela.com\/wp-content\/uploads\/2025\/09\/ini3.jpg');\"><\/div>\r\n\t\t<div class=\"slide\" style=\"background-image: url('https:\/\/grupodovela.com\/wp-content\/uploads\/2025\/09\/ini4.jpg');\"><\/div>\r\n\t\t<div class=\"slide\" style=\"background-image: url('https:\/\/grupodovela.com\/wp-content\/uploads\/2025\/09\/DOVELA-PRUEBA-1-1.jpg');\"><\/div>\r\n\t\t<div class=\"slide\" style=\"background-image: url('https:\/\/grupodovela.com\/wp-content\/uploads\/2025\/09\/DOVELA-PRUEBA-2-1-scaled.jpg');\"><\/div>\r\n\t\t<button class=\"prev\">&#10094;<\/button>\r\n\t\t<button class=\"next\">&#10095;<\/button>\r\n\t<\/div>\r\n<\/body><\/div>\n\t\t\t\t\t\t<\/div>\n\t\t\t\t<\/div>\n\t\t\t\t<div class=\"elementor-element elementor-element-dd2b74c elementor-widget elementor-widget-shortcode\" data-id=\"dd2b74c\" data-element_type=\"widget\" data-e-type=\"widget\" data-widget_type=\"shortcode.default\">\n\t\t\t\t<div class=\"elementor-widget-container\">\n\t\t\t\t\t\t\t<div class=\"elementor-shortcode\"><script>document.addEventListener(\"DOMContentLoaded\", function () {\r\n\tlet slideIndex = 0;\r\n\tconst texa0 = document.getElementById('texa0');\r\n\tconst texa1 = document.getElementById('texa1');\r\n\tconst texa2 = document.getElementById('texa2');\r\n\tconst texa3 = document.getElementById('texa3');\r\n\tconst texa4 = document.getElementById('texa4');\r\n\tconst texa5 = document.getElementById('texa5');\r\n\tconst texb0 = document.getElementById('texb0');\r\n\tconst texb1 = document.getElementById('texb1');\r\n\tconst texb2 = document.getElementById('texb2');\r\n\tconst texb3 = document.getElementById('texb3');\r\n\tconst texb4 = document.getElementById('texb4');\r\n\tconst texb5 = document.getElementById('texb5');\r\n\tconst slides = document.querySelectorAll('.slide');\r\n\tconst prevButton = document.querySelector('.prev');\r\n\tconst nextButton = document.querySelector('.next');\r\n\r\n\r\n\r\n\t\/\/ Funci\u00f3n para cambiar la imagen\r\n\tfunction changeSlide() {\r\n\t\t\/\/ Establecer la opacidad de todas las im\u00e1genes a 0\r\n\t\tslides.forEach((slide) => {\r\n\t\t\tslide.style.opacity = \"0\";\r\n\t\t});\r\n\r\n\t\t\/\/ Mostrar la imagen en el \u00edndice actual\r\n\t\tslides[slideIndex].style.opacity = \"1\";\r\n\t\tslides[slideIndex].classList.add('frankslider' + slideIndex );\r\n\t}\r\n\r\n\r\n\t\/\/ Iniciar con la primera imagen visible y frankslider\r\n\tslides[slideIndex].style.opacity = \"1\";\r\n\tslides[slideIndex].classList.add('frankslider' + slideIndex );\r\n\ttexa0.style.opacity = 1;\r\n\ttexa1.style.opacity = 0;\r\n\ttexa2.style.opacity = 0;\r\n\ttexa3.style.opacity = 0;\r\n\ttexa4.style.opacity = 0;\r\n\ttexa5.style.opacity = 0;\r\n\ttexb0.style.opacity = 1;\r\n\ttexb1.style.opacity = 0;\r\n\ttexb2.style.opacity = 0;\r\n\ttexb3.style.opacity = 0;\r\n\ttexb4.style.opacity = 0;\r\n\ttexb5.style.opacity = 0;\r\n\r\n\r\n\t\/\/ Cambiar autom\u00e1ticamente cada 5 segundos\r\n\tsetInterval(() => {\r\n\t\tslideIndex = (slideIndex + 1) % slides.length;\r\n\t\tejecutarFunciones(); \/\/ Llamamos a la funci\u00f3n que ejecuta ambas funciones\r\n\t}, 9000);\r\n\r\n\tfunction myFunction() {\r\n\t\ttimeout = setTimeout(funcion2, 1500);\r\n\t}\r\n\r\n\tfunction funcion2() {\r\n\t\tif (slideIndex === 0) {\r\n\t\t\t$('.slide.frankslider5').removeClass('frankslider5');\r\n\t\t\t$('.slide.frankslider1').removeClass('frankslider1');\r\n\t\t}\r\n\t\tif (slideIndex === 1) {\r\n\t\t\t$('.slide.frankslider0').removeClass('frankslider0');\r\n\t\t\t$('.slide.frankslider2').removeClass('frankslider2');\r\n\t\t}\r\n\t\tif (slideIndex === 2) {\r\n\t\t\t$('.slide.frankslider1').removeClass('frankslider1');\r\n\t\t\t$('.slide.frankslider3').removeClass('frankslider3');\r\n\t\t}\r\n\t\tif (slideIndex === 3) {\r\n\t\t\t$('.slide.frankslider2').removeClass('frankslider2');\r\n\t\t\t$('.slide.frankslider4').removeClass('frankslider4');\r\n\t\t}\r\n\t\tif (slideIndex === 4) {\r\n\t\t\t$('.slide.frankslider3').removeClass('frankslider3');\r\n\t\t\t$('.slide.frankslider5').removeClass('frankslider5');\r\n\t\t}\r\n\t\tif (slideIndex === 5) {\r\n\t\t\t$('.slide.frankslider4').removeClass('frankslider4');\r\n\t\t\t$('.slide.frankslider0').removeClass('frankslider0');\r\n\t\t}\r\n\t}\r\n\r\n\tfunction textaras() {\r\n\t\tconst texa0 = document.getElementById('texa0');\r\n\t\tconst texa1 = document.getElementById('texa1');\r\n\t\tconst texa2 = document.getElementById('texa2');\r\n\t\tconst texa3 = document.getElementById('texa3');\r\n\t\tconst texa4 = document.getElementById('texa4');\r\n\t\tconst texa5 = document.getElementById('texa5');\r\n\t\tconst texb0 = document.getElementById('texb0');\r\n\t\tconst texb1 = document.getElementById('texb1');\r\n\t\tconst texb2 = document.getElementById('texb2');\r\n\t\tconst texb3 = document.getElementById('texb3');\r\n\t\tconst texb4 = document.getElementById('texb4');\r\n\t\tconst texb5 = document.getElementById('texb5');\r\n\t\tif (slideIndex === 0) {\r\n\t\t\ttexa5.style.opacity = 0;\r\n\t\t\ttexa0.style.opacity = 1;\r\n\t\t\ttexa1.style.opacity = 0;\r\n\t\t\ttexb5.style.opacity = 0;\r\n\t\t\ttexb0.style.opacity = 1;\r\n\t\t\ttexb1.style.opacity = 0;\r\n\t\t}\r\n\t\tif (slideIndex === 1) {\r\n\t\t\ttexa0.style.opacity = 0;\r\n\t\t\ttexa1.style.opacity = 1;\r\n\t\t\ttexa2.style.opacity = 0;\r\n\t\t\ttexb0.style.opacity = 0;\r\n\t\t\ttexb1.style.opacity = 1;\r\n\t\t\ttexb2.style.opacity = 0;\r\n\t\t}\r\n\t\tif (slideIndex === 2) {\r\n\t\t\ttexa1.style.opacity = 0;\r\n\t\t\ttexa2.style.opacity = 1;\r\n\t\t\ttexa3.style.opacity = 0;\r\n\t\t\ttexb1.style.opacity = 0;\r\n\t\t\ttexb2.style.opacity = 1;\r\n\t\t\ttexb3.style.opacity = 0;\r\n\t\t}\r\n\t\tif (slideIndex === 3) {\r\n\t\t\ttexa2.style.opacity = 0;\r\n\t\t\ttexa3.style.opacity = 1;\r\n\t\t\ttexa4.style.opacity = 0;\r\n\t\t\ttexb2.style.opacity = 0;\r\n\t\t\ttexb3.style.opacity = 1;\r\n\t\t\ttexb4.style.opacity = 0;\r\n\t\t}\r\n\t\tif (slideIndex === 4) {\r\n\t\t\ttexa3.style.opacity = 0;\r\n\t\t\ttexa4.style.opacity = 1;\r\n\t\t\ttexa5.style.opacity = 0;\r\n\t\t\ttexb3.style.opacity = 0;\r\n\t\t\ttexb4.style.opacity = 1;\r\n\t\t\ttexb5.style.opacity = 0;\r\n\t\t}\r\n\t\tif (slideIndex === 5) {\r\n\t\t\ttexa4.style.opacity = 0;\r\n\t\t\ttexa5.style.opacity = 1;\r\n\t\t\ttexa0.style.opacity = 0;\r\n\t\t\ttexb4.style.opacity = 0;\r\n\t\t\ttexb5.style.opacity = 1;\r\n\t\t\ttexb0.style.opacity = 0;\r\n\t\t}\r\n\t}\r\n\r\n\t\/\/ Llamar a funcion2 despu\u00e9s de que funcione1 termine\r\n\tfunction ejecutarFunciones() {\r\n\t\tchangeSlide();   \/\/ Ejecuta la primera funci\u00f3n\r\n\t\ttextaras()\r\n\t\tmyFunction();   \/\/ Luego ejecuta la segunda funci\u00f3n\r\n\t}\r\n\r\n\r\n\t\/\/ Navegar manualmente usando los botones\r\n\tprevButton.addEventListener('click', function () {\r\n\t\tslideIndex = (slideIndex - 1 + slides.length) % slides.length; \/\/ Retroceder el \u00edndice\r\n\t\tejecutarFunciones();\r\n\t\ttextaras()\r\n\t});\r\n\r\n\tnextButton.addEventListener('click', function () {\r\n\t\tslideIndex = (slideIndex + 1) % slides.length; \/\/ Avanzar el \u00edndice\r\n\t\tejecutarFunciones();\r\n\t\ttextaras()\r\n\t});\r\n});<\/script><\/div>\n\t\t\t\t\t\t<\/div>\n\t\t\t\t<\/div>\n\t\t\t\t<div class=\"elementor-element elementor-element-0fcda1a elementor-widget elementor-widget-shortcode\" data-id=\"0fcda1a\" data-element_type=\"widget\" data-e-type=\"widget\" data-widget_type=\"shortcode.default\">\n\t\t\t\t<div class=\"elementor-widget-container\">\n\t\t\t\t\t\t\t<div class=\"elementor-shortcode\"><style class=\"wpcode-css-snippet\">* {\r\n  margin: 0;\r\n  padding: 0;\r\n  box-sizing: border-box;\r\n}\r\n\r\nhtml, body {\r\n  height: 100%;\r\n  overflow: hidden;\r\n}\r\n\r\nbody {\r\n  background-color: #000;\r\n}\r\n\r\n.slider {\r\n  position: relative;\r\n  width: 100%;\r\n  height: 100vh;\r\n  overflow: hidden;\r\n}\r\n\r\n.slide {\r\n  position: absolute;\r\n  top: 0;\r\n  left: 0;\r\n  width: 100%;\r\n  height: 100%;\r\n  background-position: center;\r\n  background-size: cover;\r\n  opacity: 0;\r\n  transition: opacity 1s ease-in-out;\r\n}\r\n\r\nbutton {\r\n  position: absolute;\r\n  top: 50%;\r\n  transform: translateY(-50%);\r\nbackground-color: transparent;\r\n  color: white;\r\n  border: none;\r\n  padding: 15px;\r\n  cursor: pointer;\r\n  font-size: 2rem;\r\n  z-index: 10;\r\n}\r\nbutton:focus {\r\n    outline: 0px !important;\r\n}\r\n\r\nbutton.prev {\r\n  left: 20px;\r\n}\r\n\r\nbutton.next {\r\n  right: 20px;\r\n}\r\n\r\n.elementor-column-gap-default>.elementor-column>.elementor-element-populated {\r\n    padding: 0!important;\r\n}\r\n\r\n.elementor-widget-shortcode{\r\n\tmargin-bottom: 0px!important;\r\n}\r\n\r\n.frankslider0 {\r\n\r\n\tanimation: zoomMove 20s ease;\r\n}\r\n\r\n@keyframes zoomMove {\r\n\t0% {\r\n\t\ttransform: scale(1.0);}\r\n\t100% {\r\n\t\ttransform: scale(1.1);}\r\n}\r\n\r\n.frankslider1 {\r\n \tposition: relative!important;\r\n    overflow: hidden; \/* Ensure the overlay doesn't overflow the container *\/\r\n\tanimation: slide3 20s ease;\r\n}\r\n\r\n@keyframes slide2 {\r\n\t0% {\r\n\t\ttransform: translate(0, 0) scale(1.1); \/* Inicia en la posici\u00f3n inicial con tama\u00f1o normal *\/\r\n\t}\r\n\t100% {\r\n\t\ttransform: translate(-80px, 0) scale(1.1); \/* Mueve el elemento a la derecha y hacia abajo, adem\u00e1s hace zoom *\/\r\n\t}\r\n}\r\n\r\n.frankslider2 {\r\n\tanimation: slide4 20s ease;\r\n}\r\n\r\n\r\n.frankslider3 {\r\n\tanimation: slide4 20s ease;\r\n}\r\n\r\n@keyframes slide4 {\r\n\t0% {\r\n\t\ttransform: translate(0, 0) scale(1.1); \/* Inicia en la posici\u00f3n inicial con tama\u00f1o normal *\/\r\n\t}\r\n\t100% {\r\n\t\ttransform: translate(-80px, 0) scale(1.1); \/* Mueve el elemento a la derecha y hacia abajo, adem\u00e1s hace zoom *\/\r\n\t}\r\n}\r\n\r\n.frankslider4 {\r\n    overflow: hidden; \/* Ensure the overlay doesn't overflow the container *\/\r\n\tanimation: slide3 20s ease;\r\n\tbackground-position: bottom !important;\r\n}\r\n\r\n@keyframes slide3 {\r\n\t0% {\r\n\t\ttransform: scale(1.0);}\r\n\t100% {\r\n\t\ttransform: scale(1.15);}\r\n}\r\n\r\n\r\n\r\n.frankslider5 {\r\n\tanimation: slide5 20s ease;\r\n}\r\n\r\n@keyframes slide5 {\r\n\t0% {\r\n\t\ttransform: translate(0, 0) scale(1.0); \/* Inicia en la posici\u00f3n inicial con tama\u00f1o normal *\/\r\n\t}\r\n\t100% {\r\n\t\ttransform: translate(0, 0) scale(1.1); \/* Mueve el elemento a la derecha y hacia abajo, adem\u00e1s hace zoom *\/\r\n\t}\r\n}\r\n\r\n#texa0{\r\n\topacity: 0;\r\n\ttransition: opacity 1s ease-in-out;\r\n\r\n}\r\n#texa1{\r\n\topacity: 0;\r\n\ttransition: opacity 1s ease-in-out;\r\n}\r\n#texa2{\r\n\topacity: 0;\r\n\ttransition: opacity 1s ease-in-out;\r\n}\r\n#texa3{\r\n\topacity: 0;\r\n\ttransition: opacity 1s ease-in-out;\r\n}\r\n#texa4{\r\n\topacity: 0;\r\n\ttransition: opacity 1s ease-in-out;\r\n}\r\n#texa5{\r\n\topacity: 0;\r\n\ttransition: opacity 1s ease-in-out;\r\n}\r\n\r\n#texb0{\r\n\topacity: 0;\r\n\ttransition: opacity 1s ease-in-out;\r\n}\r\n#texb1{\r\n\topacity: 0;\r\n\ttransition: opacity 1s ease-in-out;\r\n}\r\n#texb2{\r\n\topacity: 0;\r\n\ttransition: opacity 1s ease-in-out;\r\n}\r\n#texb3{\r\n\topacity: 0;\r\n\ttransition: opacity 1s ease-in-out;\r\n}\r\n#texb4{\r\n\topacity: 0;\r\n\ttransition: opacity 1s ease-in-out;\r\n}\r\n#texb5{\r\n\topacity: 0;\r\n\ttransition: opacity 1s ease-in-out;\r\n}\r\n\r\n@media only screen and (max-width: 600px) {\r\n\t* {\r\n\t\tmargin: 0;\r\n\t\tpadding: 0;\r\n\t\tbox-sizing: border-box;\r\n\t}\r\n\r\n\thtml, body {\r\n\t\theight: 100%;\r\n\t\toverflow: hidden;\r\n\t}\r\n\r\n\tbody {\r\n\t\tbackground-color: #000;\r\n\t}\r\n\r\n\t.slider {\r\n\t\tposition: relative;\r\n\t\twidth: 100%;\r\n\t\theight: 100vh;\r\n\t\toverflow: hidden;\r\n\t}\r\n\r\n\t.slide {\r\n\t\tposition: absolute;\r\n\t\ttop: 0;\r\n\t\tleft: 0;\r\n\t\twidth: 100%;\r\n\t\theight: 100%;\r\n\t\tbackground-position: center;\r\n\t\tbackground-size: cover;\r\n\t\topacity: 0;\r\n\t\ttransition: opacity 1s ease-in-out;\r\n\t}\r\n\r\n\tbutton {\r\n\t\tposition: absolute;\r\n\t\ttop: 50%;\r\n\t\ttransform: translateY(-50%);\r\n\t\tbackground-color: transparent;\r\n\t\tcolor: white;\r\n\t\tborder: none;\r\n\t\tpadding: 15px;\r\n\t\tcursor: pointer;\r\n\t\tfont-size: 1.5rem;\r\n\t\tz-index: 10;\r\n\t}\r\n\tbutton:focus {\r\n\t\toutline: 0px !important;\r\n\t}\r\n\r\n\tbutton.prev {\r\n\t\tleft: 20px;\r\n\t}\r\n\r\n\tbutton.next {\r\n\t\tright: 20px;\r\n\t}\r\n\r\n\t.elementor-column-gap-default>.elementor-column>.elementor-element-populated {\r\n\t\tpadding: 0!important;\r\n\t}\r\n\r\n\t.elementor-widget-shortcode{\r\n\t\tmargin-bottom: 0px!important;\r\n\t}\r\n\r\n\t.frankslider0 {\r\n\t\tbackground-image: url('https:\/\/grupodovela.com\/wp-content\/uploads\/2025\/09\/ini1.jpg') !important;\r\n\t\tanimation: zoomMove 20s ease;\r\n\t}\r\n\r\n\t@keyframes zoomMove {\r\n\t\t0% {\r\n\t\t\ttransform: scale(1.0);}\r\n\t\t100% {\r\n\t\t\ttransform: scale(1.2);}\r\n\t}\r\n\t\r\n\t.frankslider1 {\r\n\t\tbackground-image: url('https:\/\/grupodovela.com\/wp-content\/uploads\/2025\/09\/ini2.jpg') !important;\r\n\t\toverflow: hidden; \/* Ensure the overlay doesn't overflow the container *\/\r\n\t\tanimation: slide3 20s ease;\r\n\t}\r\n\r\n\t.frankslider2 {\r\n\t\tbackground-image: url('https:\/\/grupodovela.com\/wp-content\/uploads\/2025\/09\/ini3.jpg') !important;\r\n\t\tanimation: slide2 20s ease;\r\n\t}\r\n\r\n\t@keyframes slide2 {\r\n\t\t0% {\r\n\t\t\ttransform: translate(0, 0) scale(1.2); \/* Inicia en la posici\u00f3n inicial con tama\u00f1o normal *\/\r\n\t\t}\r\n\t\t100% {\r\n\t\t\ttransform: translate(-30px, 0) scale(1.2); \/* Mueve el elemento a la derecha y hacia abajo, adem\u00e1s hace zoom *\/\r\n\t\t}\r\n\t}\r\n\r\n\t.frankslider4 {\r\n\t\toverflow: hidden; \/* Ensure the overlay doesn't overflow the container *\/\r\n\t\tanimation: slide3 20s ease;\r\n\t}\r\n\r\n\t@keyframes slide3 {\r\n\t\t0% {\r\n\t\t\ttransform: scale(1.2);}\r\n\t\t100% {\r\n\t\t\ttransform: scale(1.0);}\r\n\t}\r\n\r\n\t.frankslider3 {\r\n\t\tbackground-image: url('https:\/\/grupodovela.com\/wp-content\/uploads\/2025\/09\/ini4.jpg') !important;\r\n\t\tanimation: slide4 20s ease;\r\n\t}\r\n\r\n\t@keyframes slide4 {\r\n\t\t0% {\r\n\t\t\ttransform: translate(0, 0) scale(1.2); \/* Inicia en la posici\u00f3n inicial con tama\u00f1o normal *\/\r\n\t\t}\r\n\t\t100% {\r\n\t\t\ttransform: translate(-30px, 0) scale(1.2); \/* Mueve el elemento a la derecha y hacia abajo, adem\u00e1s hace zoom *\/\r\n\t\t}\r\n\t}\r\n\r\n\t.frankslider5 {\r\n\t\tbackground-image: url('https:\/\/grupodovela.com\/wp-content\/uploads\/2025\/09\/DOVELA-PRUEBA-1-1') !important;\r\n\t\tanimation: slide3 20s ease;\r\n\t}\r\n\r\n\t.frankslider6{\r\n\t\tbackground-image: url('https:\/\/grupodovela.com\/wp-content\/uploads\/2025\/09\/DOVELA-PRUEBA-2-1-scaled.jpg') !important;\r\n\t\toverflow: hidden; \/* Ensure the overlay doesn't overflow the container *\/\r\n\t\tanimation: slide3 20s ease;\r\n\t}\r\n\r\n\t#texa0{\r\n\t\topacity: 0;\r\n\t\ttransition: opacity 1s ease-in-out;\r\n\t\t\tleft:20px;\r\n\tbottom:100px;\r\n\t}\r\n\t#texa1{\r\n\t\topacity: 0;\r\n\t\ttransition: opacity 1s ease-in-out;\r\n\t\t\tleft:20px;\r\n\tbottom:100px;\r\n\t}\r\n\t#texa2{\r\n\t\topacity: 0;\r\n\t\ttransition: opacity 1s ease-in-out;\r\n\t\t\tleft:20px;\r\n\tbottom:100px;\r\n\t}\r\n\t#texa3{\r\n\t\topacity: 0;\r\n\t\ttransition: opacity 1s ease-in-out;\r\n\t\t\tleft:20px;\r\n\tbottom:100px;\r\n\t}\r\n\t#texa4{\r\n\t\topacity: 0;\r\n\t\ttransition: opacity 1s ease-in-out;\r\n\t\t\tleft:20px;\r\n\tbottom:100px;\r\n\t}\r\n\t#texa5{\r\n\t\topacity: 0;\r\n\t\ttransition: opacity 1s ease-in-out;\r\n\t\t\tleft:20px;\r\n\tbottom:100px;\r\n\t}\r\n\t#texa6{\r\n\t\topacity: 0;\r\n\t\ttransition: opacity 1s ease-in-out;\r\n\t\t\tleft:20px;\r\n\tbottom:100px;\r\n\t}\r\n\r\n\t#texb0{\r\n\t\topacity: 0;\r\n\t\ttransition: opacity 1s ease-in-out;\r\n\t\tleft:20px;\r\n\tbottom:78px;\r\n\t}\r\n\t#texb1{\r\n\t\topacity: 0;\r\n\t\ttransition: opacity 1s ease-in-out;\r\n\t\tleft:20px;\r\n\tbottom:78px;\r\n\t}\r\n\t#texb2{\r\n\t\topacity: 0;\r\n\t\ttransition: opacity 1s ease-in-out;\r\n\t\tleft:20px;\r\n\tbottom:78px;\r\n\t}\r\n\t#texb3{\r\n\t\topacity: 0;\r\n\t\ttransition: opacity 1s ease-in-out;\r\n\t\tleft:20px;\r\n\tbottom:78px;\r\n\t}\r\n\t#texb4{\r\n\t\topacity: 0;\r\n\t\ttransition: opacity 1s ease-in-out;\r\n\t\tleft:20px;\r\n\tbottom:78px;\r\n\t}\r\n\t#texb5{\r\n\t\topacity: 0;\r\n\t\ttransition: opacity 1s ease-in-out;\r\n\t\tleft:20px;\r\n\tbottom:78px;\r\n\t}\r\n\t#texb6{\r\n\t\topacity: 0;\r\n\t\ttransition: opacity 1s ease-in-out;\r\n\t\tleft:20px;\r\n\tbottom:78px;\r\n\t}\r\n}<\/style><\/div>\n\t\t\t\t\t\t<\/div>\n\t\t\t\t<\/div>\n\t\t\t\t<div class=\"elementor-element elementor-element-1f232b0 elementor-widget__width-auto elementor-fixed elementor-widget elementor-widget-heading\" data-id=\"1f232b0\" data-element_type=\"widget\" data-e-type=\"widget\" id=\"texa0\" data-settings=\"{&quot;_position&quot;:&quot;fixed&quot;}\" data-widget_type=\"heading.default\">\n\t\t\t\t<div class=\"elementor-widget-container\">\n\t\t\t\t\t<h2 class=\"elementor-heading-title elementor-size-default\">Conrad<\/h2>\t\t\t\t<\/div>\n\t\t\t\t<\/div>\n\t\t\t\t<div class=\"elementor-element elementor-element-a78c7ea elementor-widget__width-auto elementor-fixed elementor-widget elementor-widget-heading\" data-id=\"a78c7ea\" data-element_type=\"widget\" data-e-type=\"widget\" id=\"texa1\" data-settings=\"{&quot;_position&quot;:&quot;fixed&quot;}\" data-widget_type=\"heading.default\">\n\t\t\t\t<div class=\"elementor-widget-container\">\n\t\t\t\t\t<h2 class=\"elementor-heading-title elementor-size-default\">Conrad<\/h2>\t\t\t\t<\/div>\n\t\t\t\t<\/div>\n\t\t\t\t<div class=\"elementor-element elementor-element-e586116 elementor-widget__width-auto elementor-fixed elementor-widget elementor-widget-heading\" data-id=\"e586116\" data-element_type=\"widget\" data-e-type=\"widget\" id=\"texa2\" data-settings=\"{&quot;_position&quot;:&quot;fixed&quot;}\" data-widget_type=\"heading.default\">\n\t\t\t\t<div class=\"elementor-widget-container\">\n\t\t\t\t\t<h2 class=\"elementor-heading-title elementor-size-default\">Plaza Pedregal\n<\/h2>\t\t\t\t<\/div>\n\t\t\t\t<\/div>\n\t\t\t\t<div class=\"elementor-element elementor-element-ed2ed8c elementor-widget__width-auto elementor-fixed elementor-widget elementor-widget-heading\" data-id=\"ed2ed8c\" data-element_type=\"widget\" data-e-type=\"widget\" id=\"texa3\" data-settings=\"{&quot;_position&quot;:&quot;fixed&quot;}\" data-widget_type=\"heading.default\">\n\t\t\t\t<div class=\"elementor-widget-container\">\n\t\t\t\t\t<h2 class=\"elementor-heading-title elementor-size-default\">Plaza Pedregal<\/h2>\t\t\t\t<\/div>\n\t\t\t\t<\/div>\n\t\t\t\t<div class=\"elementor-element elementor-element-e0b00df elementor-widget__width-auto elementor-fixed elementor-widget elementor-widget-heading\" data-id=\"e0b00df\" data-element_type=\"widget\" data-e-type=\"widget\" id=\"texa4\" data-settings=\"{&quot;_position&quot;:&quot;fixed&quot;}\" data-widget_type=\"heading.default\">\n\t\t\t\t<div class=\"elementor-widget-container\">\n\t\t\t\t\t<h2 class=\"elementor-heading-title elementor-size-default\">Casa Palmas<\/h2>\t\t\t\t<\/div>\n\t\t\t\t<\/div>\n\t\t\t\t<div class=\"elementor-element elementor-element-5370550 elementor-widget__width-auto elementor-fixed elementor-widget elementor-widget-heading\" data-id=\"5370550\" data-element_type=\"widget\" data-e-type=\"widget\" id=\"texa5\" data-settings=\"{&quot;_position&quot;:&quot;fixed&quot;}\" data-widget_type=\"heading.default\">\n\t\t\t\t<div class=\"elementor-widget-container\">\n\t\t\t\t\t<h2 class=\"elementor-heading-title elementor-size-default\">Plaza San Angel<\/h2>\t\t\t\t<\/div>\n\t\t\t\t<\/div>\n\t\t\t\t<div class=\"elementor-element elementor-element-fc9fd91 elementor-widget__width-auto elementor-fixed elementor-widget elementor-widget-heading\" data-id=\"fc9fd91\" data-element_type=\"widget\" data-e-type=\"widget\" id=\"texb0\" data-settings=\"{&quot;_position&quot;:&quot;fixed&quot;}\" data-widget_type=\"heading.default\">\n\t\t\t\t<div class=\"elementor-widget-container\">\n\t\t\t\t\t<h2 class=\"elementor-heading-title elementor-size-default\">Punta Mita<\/h2>\t\t\t\t<\/div>\n\t\t\t\t<\/div>\n\t\t\t\t<div class=\"elementor-element elementor-element-bbf9c2c elementor-widget__width-auto elementor-fixed elementor-widget elementor-widget-heading\" data-id=\"bbf9c2c\" data-element_type=\"widget\" data-e-type=\"widget\" id=\"texb1\" data-settings=\"{&quot;_position&quot;:&quot;fixed&quot;}\" data-widget_type=\"heading.default\">\n\t\t\t\t<div class=\"elementor-widget-container\">\n\t\t\t\t\t<h2 class=\"elementor-heading-title elementor-size-default\">Punta Mita<\/h2>\t\t\t\t<\/div>\n\t\t\t\t<\/div>\n\t\t\t\t<div class=\"elementor-element elementor-element-e888a2a elementor-widget__width-auto elementor-fixed elementor-widget elementor-widget-heading\" data-id=\"e888a2a\" data-element_type=\"widget\" data-e-type=\"widget\" id=\"texb2\" data-settings=\"{&quot;_position&quot;:&quot;fixed&quot;}\" data-widget_type=\"heading.default\">\n\t\t\t\t<div class=\"elementor-widget-container\">\n\t\t\t\t\t<h2 class=\"elementor-heading-title elementor-size-default\">Ciudad de M\u00e9xico<\/h2>\t\t\t\t<\/div>\n\t\t\t\t<\/div>\n\t\t\t\t<div class=\"elementor-element elementor-element-0f92482 elementor-widget__width-auto elementor-fixed elementor-widget elementor-widget-heading\" data-id=\"0f92482\" data-element_type=\"widget\" data-e-type=\"widget\" id=\"texb3\" data-settings=\"{&quot;_position&quot;:&quot;fixed&quot;}\" data-widget_type=\"heading.default\">\n\t\t\t\t<div class=\"elementor-widget-container\">\n\t\t\t\t\t<h2 class=\"elementor-heading-title elementor-size-default\">Ciudad de M\u00e9xico<\/h2>\t\t\t\t<\/div>\n\t\t\t\t<\/div>\n\t\t\t\t<div class=\"elementor-element elementor-element-9869550 elementor-widget__width-auto elementor-fixed elementor-widget elementor-widget-heading\" data-id=\"9869550\" data-element_type=\"widget\" data-e-type=\"widget\" id=\"texb4\" data-settings=\"{&quot;_position&quot;:&quot;fixed&quot;}\" data-widget_type=\"heading.default\">\n\t\t\t\t<div class=\"elementor-widget-container\">\n\t\t\t\t\t<h2 class=\"elementor-heading-title elementor-size-default\">Ciudad de M\u00e9xico<\/h2>\t\t\t\t<\/div>\n\t\t\t\t<\/div>\n\t\t\t\t<div class=\"elementor-element elementor-element-ac322f5 elementor-widget__width-auto elementor-fixed elementor-widget elementor-widget-heading\" data-id=\"ac322f5\" data-element_type=\"widget\" data-e-type=\"widget\" id=\"texb5\" data-settings=\"{&quot;_position&quot;:&quot;fixed&quot;}\" data-widget_type=\"heading.default\">\n\t\t\t\t<div class=\"elementor-widget-container\">\n\t\t\t\t\t<h2 class=\"elementor-heading-title elementor-size-default\">Ciudad de M\u00e9xico <\/h2>\t\t\t\t<\/div>\n\t\t\t\t<\/div>\n\t\t\t\t\t<\/div>\n\t\t<\/div>\n\t\t\t\t\t<\/div>\n\t\t<\/section>\n\t\t\t\t<\/div>\n\t\t","protected":false},"excerpt":{"rendered":"<p>Conrad Conrad Plaza Pedregal Plaza Pedregal Casa Palmas Plaza San Angel Punta Mita Punta Mita Ciudad de M\u00e9xico Ciudad de M\u00e9xico Ciudad de M\u00e9xico Ciudad de M\u00e9xico<\/p>\n","protected":false},"author":1,"featured_media":0,"parent":0,"menu_order":0,"comment_status":"closed","ping_status":"closed","template":"","meta":{"_acf_changed":false,"om_disable_all_campaigns":false,"_monsterinsights_skip_tracking":false,"_monsterinsights_sitenote_active":false,"_monsterinsights_sitenote_note":"","_monsterinsights_sitenote_category":0,"footnotes":""},"class_list":["post-3635","page","type-page","status-publish","hentry"],"acf":[],"aioseo_notices":[],"_links":{"self":[{"href":"https:\/\/grupodovela.com\/index.php?rest_route=\/wp\/v2\/pages\/3635","targetHints":{"allow":["GET"]}}],"collection":[{"href":"https:\/\/grupodovela.com\/index.php?rest_route=\/wp\/v2\/pages"}],"about":[{"href":"https:\/\/grupodovela.com\/index.php?rest_route=\/wp\/v2\/types\/page"}],"author":[{"embeddable":true,"href":"https:\/\/grupodovela.com\/index.php?rest_route=\/wp\/v2\/users\/1"}],"replies":[{"embeddable":true,"href":"https:\/\/grupodovela.com\/index.php?rest_route=%2Fwp%2Fv2%2Fcomments&post=3635"}],"version-history":[{"count":35,"href":"https:\/\/grupodovela.com\/index.php?rest_route=\/wp\/v2\/pages\/3635\/revisions"}],"predecessor-version":[{"id":5813,"href":"https:\/\/grupodovela.com\/index.php?rest_route=\/wp\/v2\/pages\/3635\/revisions\/5813"}],"wp:attachment":[{"href":"https:\/\/grupodovela.com\/index.php?rest_route=%2Fwp%2Fv2%2Fmedia&parent=3635"}],"curies":[{"name":"wp","href":"https:\/\/api.w.org\/{rel}","templated":true}]}}